{"id":65,"date":"2016-08-04T12:04:54","date_gmt":"2016-08-04T12:04:54","guid":{"rendered":"http:\/\/enjl.ee\/?page_id=65"},"modified":"2018-06-11T18:35:45","modified_gmt":"2018-06-11T18:35:45","slug":"astuliikmeks","status":"publish","type":"page","link":"https:\/\/www.enjl.ee\/index.php\/astuliikmeks\/","title":{"rendered":"Astu liikmeks"},"content":{"rendered":"<p>ENJL v\u00f5rgustik koondab vabatahtlikke partnereid, naisi ja mehi, juriste ja mittejuriste, kelle s\u00fcdameasjaks on inim\u00f5igused, \u00f5igusteadlikkuse t\u00f5stmine ja v\u00f5rdse kohtlemise edendamine. Liituma on oodatud k\u00f5ik naisjuristid, kellel on akrediteeritud juriidiline k\u00f5rgharidus ning kes soovivad tegeleda <a href=\"http:\/\/enjl.ee\/wp-content\/uploads\/2016\/08\/mt\u00fc-enjl-p\u00f5hikiri-2.pdf\" target=\"_blank\" rel=\"noopener\">p\u00f5hikirja<\/a> eesm\u00e4rkide elluviimisega. Noorliikmetena v\u00f5ivad ENJL-ga \u00fchineda naistudengid, kes omandavad juriidilist k\u00f5rgharidust. Toetajaliikmeteks v\u00f5ivad astuda juriidilised isikud ja f\u00fc\u00fcsilised isikud, kes tunnustavad ENJL p\u00f5hikirja ja toetavad ENJL eesm\u00e4rke. Liikmeks astumiseks tuleb esitada juhatusele avaldus. Allkirjastatud avaldus saata juhatusele e-posti aadressil eesti.naisjuristide.liit@eesti.ee<\/p>\n<p><strong>2016 liikmemaksu m\u00e4\u00e4rad:<\/strong><br \/>\nLiikmetele ja f\u00fc\u00fcsilisest isikust toetajaliikmetele 25 eurot; MT\u00dc-dele, noorliikmetele ja pension\u00e4ridele 15 eurot; juriidilisest isikust toetajaliikmetele 35 eurot.<\/p>\n<p>Liitumistasu kanda Eesti Naisjuristide Liit MT\u00dc pangakontole: EE382200221057784886<\/p>\n<p>ENJL-i saab iga\u00fcks toetada oma aktiivsusega \u00fcrituste korraldamisel v\u00f5i rahalise annetusega (\u00fclaln\u00e4idatud kontonumber).<\/p>\n<div id=\"vfb-form-3\" class=\"visual-form-builder-container\"><form id=\"liitumisavaldus-3\" class=\"visual-form-builder vfb-form-3 \" method=\"post\" enctype=\"multipart\/form-data\">\n\t  \t<input type=\"hidden\" name=\"form_id\" value=\"3\" \/><fieldset class=\"vfb-fieldset vfb-fieldset-1 avaldus \" id=\"item-vfb-16\"><div class=\"vfb-legend\"><h3>Avaldus<\/h3><\/div><ul class=\"vfb-section vfb-section-1\"><li class=\"vfb-item vfb-item-text  \" id=\"item-vfb-20\"><label for=\"vfb-20\" class=\"vfb-desc\">Ees- ja perekonnanimi \/ juriidilise isiku korral esindaja andmed ja esinduse alus  <span class=\"vfb-required-asterisk\">*<\/span><\/label><input type=\"text\" name=\"vfb-20\" id=\"vfb-20\" value=\"\" class=\"vfb-text  vfb-medium  required  \" \/><\/li><li class=\"vfb-item vfb-item-text  \" id=\"item-vfb-21\"><label for=\"vfb-21\" class=\"vfb-desc\">Isikukood <\/label><input type=\"text\" name=\"vfb-21\" id=\"vfb-21\" value=\"\" class=\"vfb-text  vfb-medium   \" \/><\/li><li class=\"vfb-item vfb-item-text  \" id=\"item-vfb-22\"><label for=\"vfb-22\" class=\"vfb-desc\">Aadress <\/label><input type=\"text\" name=\"vfb-22\" id=\"vfb-22\" value=\"\" class=\"vfb-text  vfb-medium   \" \/><\/li><li class=\"vfb-item vfb-item-text  \" id=\"item-vfb-23\"><label for=\"vfb-23\" class=\"vfb-desc\">Kontakttelefon  <span class=\"vfb-required-asterisk\">*<\/span><\/label><input type=\"text\" name=\"vfb-23\" id=\"vfb-23\" value=\"\" class=\"vfb-text  vfb-medium  required  \" \/><\/li><li class=\"vfb-item vfb-item-text  \" id=\"item-vfb-24\"><label for=\"vfb-24\" class=\"vfb-desc\">E-posti aadress (lisatakse liikmete listi)  <span class=\"vfb-required-asterisk\">*<\/span><\/label><input type=\"text\" name=\"vfb-24\" id=\"vfb-24\" value=\"\" class=\"vfb-text  vfb-medium  required  \" \/><\/li><li class=\"vfb-item vfb-item-select  \" id=\"item-vfb-29\"><label for=\"vfb-29\" class=\"vfb-desc\">Soovin astuda ENJL:  <span class=\"vfb-required-asterisk\">*<\/span><\/label><select name=\"vfb-29\" id=\"vfb-29\" class=\"vfb-select  vfb-medium  required \"><option value=\"liikmeks. Oman akrediteeritud juriidilist k\u00f5rgharidust, olen tutvunud ENJL p\u00f5hikirjaga ja soovin tegeleda p\u00f5hikirja eesm\u00e4rkide elluviimisega.\">liikmeks. Oman akrediteeritud juriidilist k\u00f5rgharidust, olen tutvunud ENJL p\u00f5hikirjaga ja soovin tegeleda p\u00f5hikirja eesm\u00e4rkide elluviimisega.<\/option><option value=\"noorliikmeks. Omandan juriidilist k\u00f5rgharidust, olen tutvunud ENJL p\u00f5hkirjaga ja soovin tegeleda p\u00f5hikirja eesm\u00e4rkide elluviimisega.\">noorliikmeks. Omandan juriidilist k\u00f5rgharidust, olen tutvunud ENJL p\u00f5hkirjaga ja soovin tegeleda p\u00f5hikirja eesm\u00e4rkide elluviimisega.<\/option><option value=\"toetajaliikmeks. Tunnustan ENJL p\u00f5hikirja ja toetan organisatsiooni eesm\u00e4rke.\">toetajaliikmeks. Tunnustan ENJL p\u00f5hikirja ja toetan organisatsiooni eesm\u00e4rke.<\/option><\/select><\/li><li class=\"vfb-item vfb-item-text  \" id=\"item-vfb-39\"><label for=\"vfb-39\" class=\"vfb-desc\">Liikmeks v\u00f5i noorliikmeks astumise korral informatsioon juriidlise k\u00f5rghariduse v\u00f5i selle omandamise kohta <\/label><input type=\"text\" name=\"vfb-39\" id=\"vfb-39\" value=\"\" class=\"vfb-text  vfb-medium   \" \/><\/li><\/ul>&nbsp;<\/fieldset><fieldset class=\"vfb-fieldset vfb-fieldset-2 enjl-kusimustik \" id=\"item-vfb-30\"><div class=\"vfb-legend\"><h3>ENJL k\u00fcsimustik<\/h3><\/div><ul class=\"vfb-section vfb-section-2\"><li class=\"vfb-item vfb-item-text  \" id=\"item-vfb-26\"><label for=\"vfb-26\" class=\"vfb-desc\">Haridus (kui ei ole eespool m\u00e4rgitud) <\/label><input type=\"text\" name=\"vfb-26\" id=\"vfb-26\" value=\"\" class=\"vfb-text  vfb-medium   \" \/><\/li><li class=\"vfb-item vfb-item-text  \" id=\"item-vfb-25\"><label for=\"vfb-25\" class=\"vfb-desc\">Spetsialiseerumise valdkond <\/label><input type=\"text\" name=\"vfb-25\" id=\"vfb-25\" value=\"\" class=\"vfb-text  vfb-medium   \" \/><\/li><li class=\"vfb-item vfb-item-text  \" id=\"item-vfb-27\"><label for=\"vfb-27\" class=\"vfb-desc\">Hobid <\/label><input type=\"text\" name=\"vfb-27\" id=\"vfb-27\" value=\"\" class=\"vfb-text  vfb-medium   \" \/><\/li><li class=\"vfb-item vfb-item-text  \" id=\"item-vfb-28\"><label for=\"vfb-28\" class=\"vfb-desc\">Kas on valmidus osaleda vabatahtlikkuse alusel kiireloomulises \u00f5igusn\u00f5ustamises <\/label><input type=\"text\" name=\"vfb-28\" id=\"vfb-28\" value=\"\" class=\"vfb-text  vfb-medium   \" \/><\/li><li class=\"vfb-item vfb-item-text  \" id=\"item-vfb-31\"><label for=\"vfb-31\" class=\"vfb-desc\">Mis keeltes on valmidus n\u00f5ustada <\/label><input type=\"text\" name=\"vfb-31\" id=\"vfb-31\" value=\"\" class=\"vfb-text  vfb-medium   \" \/><\/li><li class=\"vfb-item vfb-item-text  \" id=\"item-vfb-32\"><label for=\"vfb-32\" class=\"vfb-desc\">Kas on valmidus jagada ENJL liikmetele juriidilist \u00f5igusteavet \/ konsultatsiooni <\/label><input type=\"text\" name=\"vfb-32\" id=\"vfb-32\" value=\"\" class=\"vfb-text  vfb-medium   \" \/><\/li><li class=\"vfb-item vfb-item-text  \" id=\"item-vfb-33\"><label for=\"vfb-33\" class=\"vfb-desc\">Kas on valmidus jagada konsultatsiooni muus valdkonnas <\/label><input type=\"text\" name=\"vfb-33\" id=\"vfb-33\" value=\"\" class=\"vfb-text  vfb-medium   \" \/><\/li><li class=\"vfb-item vfb-item-text  \" id=\"item-vfb-34\"><label for=\"vfb-34\" class=\"vfb-desc\">Millistel \u00fchis\u00fcritustel sooviksite osaleda <\/label><input type=\"text\" name=\"vfb-34\" id=\"vfb-34\" value=\"\" class=\"vfb-text  vfb-medium   \" \/><\/li><li class=\"vfb-item vfb-item-text  \" id=\"item-vfb-36\"><label for=\"vfb-36\" class=\"vfb-desc\">Kas on valmidus esineda ENJL koosviibimistel ettekannetega \/ mis teemadel <\/label><input type=\"text\" name=\"vfb-36\" id=\"vfb-36\" value=\"\" class=\"vfb-text  vfb-medium   \" \/><\/li><li class=\"vfb-item vfb-item-textarea  \" id=\"item-vfb-35\"><label for=\"vfb-35\" class=\"vfb-desc\">Kuidas edendada ENJL tegevust? Ettepanekud <\/label><div><textarea name=\"vfb-35\" id=\"vfb-35\" class=\"vfb-textarea  vfb-medium  \"><\/textarea><\/div><\/li><\/ul>&nbsp;<\/fieldset><fieldset class=\"vfb-fieldset vfb-fieldset-3 tuvastamine \" id=\"item-vfb-17\" style=\"display:block\"><div class=\"vfb-legend\"><h3>Tuvastamine<\/h3><\/div><ul class=\"vfb-section vfb-section-3\"><li class=\"vfb-item vfb-item-secret\"  style=\"display:block\"><label for=\"vfb-18\" class=\"vfb-desc\">Palun sisestage kaks numbrit <span class=\"vfb-required-asterisk\">*<\/span><\/label><input type=\"hidden\" name=\"_vfb-secret\" value=\"vfb-18\" \/><span class=\"vfb-span\"><input type=\"text\" name=\"vfb-18\" id=\"vfb-18\" value=\"\" class=\"vfb-text  vfb-medium  required {digits:true,maxlength:2,minlength:2} \" style=\"display:block\" \/><label>Example: 12<\/label><\/span><li style=\"display:none;\"><label>This box is for spam protection - &lt;strong&gt;please leave it blank&lt;\/strong&gt;:<\/label><div><input name=\"vfb-spam\" \/><\/div><\/li>\n\t\t\t<li class=\"vfb-item vfb-item-submit\" id=\"item-vfb-19\">\n\t\t\t\t<input type=\"submit\" name=\"vfb-submit\" id=\"vfb-19\" value=\"Saada\" class=\"vfb-submit \" \/>\n\t\t\t\t<\/li><\/ul>\n\t\t\t<\/fieldset><input type=\"hidden\" name=\"_wp_http_referer\" value=\"\/index.php\/wp-json\/wp\/v2\/pages\/65\" \/><\/form><\/div> <!-- .visual-form-builder-container -->\n","protected":false},"excerpt":{"rendered":"<p>ENJL v\u00f5rgustik koondab vabatahtlikke partnereid, naisi ja mehi, juriste ja mittejuriste, kelle s\u00fcdameasjaks on inim\u00f5igused, \u00f5igusteadlikkuse t\u00f5stmine ja v\u00f5rdse kohtlemise edendamine. Liituma [&hellip;]<\/p>\n","protected":false},"author":1,"featured_media":0,"parent":0,"menu_order":0,"comment_status":"closed","ping_status":"closed","template":"","meta":{"_acf_changed":false,"footnotes":""},"class_list":["post-65","page","type-page","status-publish","hentry"],"acf":[],"_links":{"self":[{"href":"https:\/\/www.enjl.ee\/index.php\/wp-json\/wp\/v2\/pages\/65","targetHints":{"allow":["GET"]}}],"collection":[{"href":"https:\/\/www.enjl.ee\/index.php\/wp-json\/wp\/v2\/pages"}],"about":[{"href":"https:\/\/www.enjl.ee\/index.php\/wp-json\/wp\/v2\/types\/page"}],"author":[{"embeddable":true,"href":"https:\/\/www.enjl.ee\/index.php\/wp-json\/wp\/v2\/users\/1"}],"replies":[{"embeddable":true,"href":"https:\/\/www.enjl.ee\/index.php\/wp-json\/wp\/v2\/comments?post=65"}],"version-history":[{"count":5,"href":"https:\/\/www.enjl.ee\/index.php\/wp-json\/wp\/v2\/pages\/65\/revisions"}],"predecessor-version":[{"id":189,"href":"https:\/\/www.enjl.ee\/index.php\/wp-json\/wp\/v2\/pages\/65\/revisions\/189"}],"wp:attachment":[{"href":"https:\/\/www.enjl.ee\/index.php\/wp-json\/wp\/v2\/media?parent=65"}],"curies":[{"name":"wp","href":"https:\/\/api.w.org\/{rel}","templated":true}]}}